{"id":486,"date":"2023-08-07T14:08:32","date_gmt":"2023-08-07T14:08:32","guid":{"rendered":"https:\/\/business-one.local\/?page_id=486"},"modified":"2026-02-26T16:29:38","modified_gmt":"2026-02-26T16:29:38","slug":"contact","status":"publish","type":"page","link":"https:\/\/www.nuvoris.fr\/en\/","title":{"rendered":"Contact"},"content":{"rendered":"\n<header class=\"gbp--border-radius gb-element-1390cb94\">\n<div class=\"gbp-section__inner\">\n<div class=\"gb-element-cd32391a\">\n<div>\n<h1 class=\"gb-text\">Vous avez un projet CRM contactez  votre agence Salesforce<\/h1>\n\n\n\n<p class=\"gb-text gb-text-bb3ef19a\">Voici l&rsquo; adresse du bureau parisien et le num\u00e9ro de t\u00e9l\u00e9phone. <\/p>\n\n\n\n<p class=\"gb-text-4804af90\"><span class=\"gb-shape\"><svg viewBox=\"0 0 256 256\" fill=\"#000000\" height=\"32\" width=\"32\" xmlns=\"http:\/\/www.w3.org\/2000\/svg\"><path d=\"M200,224H150.54A266.56,266.56,0,0,0,174,200.25c27.45-31.57,42-64.85,42-96.25a88,88,0,0,0-176,0c0,31.4,14.51,64.68,42,96.25A266.56,266.56,0,0,0,105.46,224H56a8,8,0,0,0,0,16H200a8,8,0,0,0,0-16ZM56,104a72,72,0,0,1,144,0c0,57.23-55.47,105-72,118C111.47,209,56,161.23,56,104Zm112,0a40,40,0,1,0-40,40A40,40,0,0,0,168,104Zm-64,0a24,24,0,1,1,24,24A24,24,0,0,1,104,104Z\"><\/path><\/svg><\/span><span class=\"gb-text\">Nuvoris<br>Domicili\u00e9 chez Omnicit\u00e9<br>70 rue Amelot 75011 Paris<br><\/span><\/p>\n\n\n\n<p class=\"gbp-card__list gbp-margin-lg gb-text-cc84c640\"><span class=\"gb-shape\"><svg aria-hidden=\"true\" role=\"img\" height=\"1em\" width=\"1em\" viewBox=\"0 0 512 512\" xmlns=\"http:\/\/www.w3.org\/2000\/svg\"><path fill=\"currentColor\" d=\"M493.4 24.6l-104-24c-11.3-2.6-22.9 3.3-27.5 13.9l-48 112c-4.2 9.8-1.4 21.3 6.9 28l60.6 49.6c-36 76.7-98.9 140.5-177.2 177.2l-49.6-60.6c-6.8-8.3-18.2-11.1-28-6.9l-112 48C3.9 366.5-2 378.1.6 389.4l24 104C27.1 504.2 36.7 512 48 512c256.1 0 464-207.5 464-464 0-11.2-7.7-20.9-18.6-23.4z\"><\/path><\/svg><\/span><span class=\"gb-text\">+33 (0) 1 85 09 12 51<\/span><\/p>\n\n\n\n<p><\/p>\n\n\n\n<p class=\"gbp-card__list gbp-margin-lg gb-text-4e4e10e2\"><span class=\"gb-shape\"><svg aria-hidden=\"true\" role=\"img\" height=\"1em\" width=\"1em\" viewBox=\"0 0 448 512\" xmlns=\"http:\/\/www.w3.org\/2000\/svg\"><path fill=\"currentColor\" d=\"M148 288h-40c-6.6 0-12-5.4-12-12v-40c0-6.6 5.4-12 12-12h40c6.6 0 12 5.4 12 12v40c0 6.6-5.4 12-12 12zm108-12v-40c0-6.6-5.4-12-12-12h-40c-6.6 0-12 5.4-12 12v40c0 6.6 5.4 12 12 12h40c6.6 0 12-5.4 12-12zm96 0v-40c0-6.6-5.4-12-12-12h-40c-6.6 0-12 5.4-12 12v40c0 6.6 5.4 12 12 12h40c6.6 0 12-5.4 12-12zm-96 96v-40c0-6.6-5.4-12-12-12h-40c-6.6 0-12 5.4-12 12v40c0 6.6 5.4 12 12 12h40c6.6 0 12-5.4 12-12zm-96 0v-40c0-6.6-5.4-12-12-12h-40c-6.6 0-12 5.4-12 12v40c0 6.6 5.4 12 12 12h40c6.6 0 12-5.4 12-12zm192 0v-40c0-6.6-5.4-12-12-12h-40c-6.6 0-12 5.4-12 12v40c0 6.6 5.4 12 12 12h40c6.6 0 12-5.4 12-12zm96-260v352c0 26.5-21.5 48-48 48H48c-26.5 0-48-21.5-48-48V112c0-26.5 21.5-48 48-48h48V12c0-6.6 5.4-12 12-12h40c6.6 0 12 5.4 12 12v52h128V12c0-6.6 5.4-12 12-12h40c6.6 0 12 5.4 12 12v52h48c26.5 0 48 21.5 48 48zm-48 346V160H48v298c0 3.3 2.7 6 6 6h340c3.3 0 6-2.7 6-6z\"><\/path><\/svg><\/span><span class=\"gb-text\">R\u00e9server un rendez-vous <a href=\"https:\/\/outlook.office.com\/bookwithme\/user\/bb3112461aeb42b88a7227fc8242868f@nuvoris.fr\/meetingtype\/_iJAsxEBREOJoosieTrCww2?anonymous&amp;ismsaljsauthenabled&amp;ep=mcard\" rel=\"nofollow noopener\" target=\"_blank\"> avec l&rsquo; agence Nuvoris &#8211; D\u00e9couverte contexte &#8211; Sales\/CRM<\/a><\/span><\/p>\n\n\n\n<iframe data-tally-src=\"https:\/\/tally.so\/embed\/XxeWEO?alignLeft=1&#038;hideTitle=1&#038;transparentBackground=1&#038;dynamicHeight=1\" loading=\"lazy\" width=\"100%\" height=\"374\" frameborder=\"0\" marginheight=\"0\" marginwidth=\"0\" title=\"Parlons de votre projet \"><\/iframe>\n<script>var d=document,w=\"https:\/\/tally.so\/widgets\/embed.js\",v=function(){\"undefined\"!=typeof Tally?Tally.loadEmbeds():d.querySelectorAll(\"iframe[data-tally-src]:not([src])\").forEach((function(e){e.src=e.dataset.tallySrc}))};if(\"undefined\"!=typeof Tally)v();else if(d.querySelector('script[src=\"'+w+'\"]')==null){var s=d.createElement(\"script\");s.src=w,s.onload=v,s.onerror=v,d.body.appendChild(s);}<\/script>\n<\/div>\n\n\n\n<div>\n<div class=\"gb-element-2776158b\">\n<figure class=\"wp-block-image size-large\"><img loading=\"lazy\" decoding=\"async\" width=\"683\" height=\"1024\" src=\"https:\/\/www.nuvoris.fr\/wp-content\/uploads\/2025\/09\/toa-heftiba-4xe-yVFJCvw-unsplash-683x1024.jpg\" alt=\"\" class=\"wp-image-43885\" srcset=\"https:\/\/www.nuvoris.fr\/wp-content\/uploads\/2025\/09\/toa-heftiba-4xe-yVFJCvw-unsplash-683x1024.jpg 683w, https:\/\/www.nuvoris.fr\/wp-content\/uploads\/2025\/09\/toa-heftiba-4xe-yVFJCvw-unsplash-200x300.jpg 200w, https:\/\/www.nuvoris.fr\/wp-content\/uploads\/2025\/09\/toa-heftiba-4xe-yVFJCvw-unsplash-768x1152.jpg 768w, https:\/\/www.nuvoris.fr\/wp-content\/uploads\/2025\/09\/toa-heftiba-4xe-yVFJCvw-unsplash-1024x1536.jpg 1024w, https:\/\/www.nuvoris.fr\/wp-content\/uploads\/2025\/09\/toa-heftiba-4xe-yVFJCvw-unsplash-1365x2048.jpg 1365w, https:\/\/www.nuvoris.fr\/wp-content\/uploads\/2025\/09\/toa-heftiba-4xe-yVFJCvw-unsplash-scaled.jpg 1707w\" sizes=\"auto, (max-width: 683px) 100vw, 683px\" \/><\/figure>\n<\/div>\n\n\n\n<div><\/div>\n<\/div>\n<\/div>\n<\/div>\n<\/header>\n\n\n\n<div class=\"gbp-section\">\n<div class=\"gbp-section__inner\"><\/div>\n<\/div>\n","protected":false},"excerpt":{"rendered":"<p>Vous avez un projet CRM contactez votre agence Salesforce Voici l&rsquo; adresse du bureau parisien et le num\u00e9ro de t\u00e9l\u00e9phone. NuvorisDomicili\u00e9 chez Omnicit\u00e970 rue Amelot 75011 Paris +33 (0) 1 85 09 12 51 R\u00e9server un rendez-vous avec l&rsquo; agence Nuvoris &#8211; D\u00e9couverte contexte &#8211; Sales\/CRM<\/p>","protected":false},"author":1,"featured_media":0,"parent":0,"menu_order":0,"comment_status":"closed","ping_status":"closed","template":"","meta":{"footnotes":""},"class_list":["post-486","page","type-page","status-publish"],"_links":{"self":[{"href":"https:\/\/www.nuvoris.fr\/en\/wp-json\/wp\/v2\/pages\/486","targetHints":{"allow":["GET"]}}],"collection":[{"href":"https:\/\/www.nuvoris.fr\/en\/wp-json\/wp\/v2\/pages"}],"about":[{"href":"https:\/\/www.nuvoris.fr\/en\/wp-json\/wp\/v2\/types\/page"}],"author":[{"embeddable":true,"href":"https:\/\/www.nuvoris.fr\/en\/wp-json\/wp\/v2\/users\/1"}],"replies":[{"embeddable":true,"href":"https:\/\/www.nuvoris.fr\/en\/wp-json\/wp\/v2\/comments?post=486"}],"version-history":[{"count":14,"href":"https:\/\/www.nuvoris.fr\/en\/wp-json\/wp\/v2\/pages\/486\/revisions"}],"predecessor-version":[{"id":44043,"href":"https:\/\/www.nuvoris.fr\/en\/wp-json\/wp\/v2\/pages\/486\/revisions\/44043"}],"wp:attachment":[{"href":"https:\/\/www.nuvoris.fr\/en\/wp-json\/wp\/v2\/media?parent=486"}],"curies":[{"name":"wp","href":"https:\/\/api.w.org\/{rel}","templated":true}]}}